{"id":4895,"date":"2020-10-04T12:22:05","date_gmt":"2020-10-04T10:22:05","guid":{"rendered":"https:\/\/africa-horn-travel.com\/?page_id=4895"},"modified":"2020-10-04T14:14:09","modified_gmt":"2020-10-04T12:14:09","slug":"remerciements","status":"publish","type":"page","link":"https:\/\/africa-horn-travel.com\/de\/danksagungen\/","title":{"rendered":"Danksagungen"},"content":{"rendered":"<div data-elementor-type=\"wp-page\" data-elementor-id=\"4895\" class=\"elementor elementor-4895\" data-elementor-post-type=\"page\">\n\t\t\t\t\t\t<section class=\"elementor-section elementor-top-section elementor-element elementor-element-d11ead1 elementor-section-boxed elementor-section-height-default elementor-section-height-default\" data-id=\"d11ead1\" data-element_type=\"section\" data-e-type=\"section\">\n\t\t\t\t\t\t<div class=\"elementor-container elementor-column-gap-default\">\n\t\t\t\t\t<div class=\"elementor-column elementor-col-100 elementor-top-column elementor-element elementor-element-25ca679\" data-id=\"25ca679\" data-element_type=\"column\" data-e-type=\"column\">\n\t\t\t<div class=\"elementor-widget-wrap elementor-element-populated\">\n\t\t\t\t\t\t<div class=\"elementor-element elementor-element-c4c1d86 elementor-widget elementor-widget-heading\" data-id=\"c4c1d86\" data-element_type=\"widget\" data-e-type=\"widget\" data-widget_type=\"heading.default\">\n\t\t\t\t<div class=\"elementor-widget-container\">\n\t\t\t\t\t<h1 class=\"elementor-heading-title elementor-size-default\">Danksagungen<\/h1>\t\t\t\t<\/div>\n\t\t\t\t<\/div>\n\t\t\t\t<div class=\"elementor-element elementor-element-cfe9085 elementor-widget elementor-widget-text-editor\" data-id=\"cfe9085\" data-element_type=\"widget\" data-e-type=\"widget\" data-widget_type=\"text-editor.default\">\n\t\t\t\t<div class=\"elementor-widget-container\">\n\t\t\t\t\t\t\t\t\t<p style=\"font-weight: 400;\">Ein gro\u00dfes Dankesch\u00f6n f\u00fcr ihre Unterst\u00fctzung und ihre Fotos unter :\u00a0<\/p><ul style=\"font-weight: 400;\"><li>Ali Liaquat vom Maison des Randonneurs (DJIBOUTI)<\/li><li>Dabaleh Adad aus dem Lager Bolli Soubla (DJIBOUTI)<\/li><li>Garad Garad, aus dem Lager von Bolli Soubla ( DJIBOUTI)<\/li><li>Daoud Orbisso, aus dem Lager Bolli Soubla (DJIBOUTI)<\/li><li>Fato aus dem Lager Ras Ali (DJIBOUTI)<\/li><li>Ken Gradall von \"Rushing Waters Adventures\" (DJIBOUTI)<\/li><li>Nick Crane von der Simien Lodge (ETHIOPIA)<\/li><li>Mesfin NEGUSSIE aus Addis View Hotel (\u00c4THIOPIEN)<\/li><li>Gheralta-Loge (\u00c4THIOPIEN)<\/li><li>Bertrand Lafrance vom Fl\u00fcchtlingslager DECAN (DJIBOUTI)<\/li><li>Ayoub Amdie (\u00c4THIOPIEN)<\/li><li>Bernadette Smeesters (DJIBOUTI)<\/li><li>Josiane und Bernard Lips (1)<\/li><\/ul><p style=\"font-weight: 400;\">\u00a0<\/p><p style=\"font-weight: 400;\">\u00a0<\/p><p>(1) Josiane und Bernard LIPS-Universit\u00e4tsprofessoren, insbesondere Co-Autoren mit Jean-Michel Roux von \"Poissons de Djibouti\", einem mit Fotos ihrer Tauchg\u00e4nge illustrierten Buch, das sich auf die 500 Arten bezieht, die in den Hoheitsgew\u00e4ssern Dschibutis leben, und aus dem einige der Meeresbodenfotos der St\u00e4tte Africorne entnommen sind.<\/p><p>Liste ihrer Bilder auf Africorne :\u00a0<\/p><p>\u2013<b><strong>In der \"Galerie<\/strong><\/b>Rif-See- Schornsteine des Abb\u00e9-Sees- Am Rande des Abb\u00e9-Sees- Rosa Flamingos des Abb\u00e9-Sees- Sonne auf den Schornsteinen des Abb\u00e9-Sees- Ferne T\u00e4nze- Kamele am Assal-See- Campingplatz von Dittilou<\/p><p>\u2013<b><strong>Auf den \" Rennstrecken<\/strong><\/b>\u00a0\u00bb:<\/p><p>Dschibuti-Kurs\u00a0<em>Str\u00e4nde und Campingpl\u00e4tze<\/em>\u00a0Sonnenuntergang \u00fcber dem Leuchtturm von Ras Bir- Barracuda-Schwarm auf blauem Hintergrund- Clownfisch- Dittilou-Camping- Schattige Einkaufsstra\u00dfe von Dschibuti-Stadt-<\/p><p>Dschibuti-Kurs<em>\u00a0Meer, Gebirge und Urgeschichte<\/em>\u00a0: Clownfisch-Murene- Kamele am Assal-See- H\u00e4user in der N\u00e4he von Abourma- Hamadou-F\u00fchrer in Abourma- Sonnenuntergang am Leuchtturm von Ras Bir- Einkaufsstra\u00dfe Dschibuti-Stadt-<\/p><p>Dschibuti-Kurs\u00a0<em>Wanderer<\/em>\u00a0:Kamele auf dem Salzpaket- Sonnenuntergang- Sonnenuntergang auf dem Leuchtturm von Ras- Bir-Flamingos See Abb\u00e9- Feuerstellen See Abb\u00e9- Sonne auf den Feuerstellen See Abb\u00e9- Feuerstellen See Abb\u00e9- Clownfisch-B\u00e4nke von Barracudas auf blauem Hintergrund- Murene- Clown-Piossons auf gr\u00fcnen Korallen- H\u00e4user Dschibuti- Schattige Gasse Ladenbesitzer von Dschibuti<\/p><p>Dschibuti-Kurs\u00a0<em>Landschaften und Empfindungen<\/em>\u00a0: Camp Murene-Dittilou - Flamingos des Abb\u00e9-Sees - Schornsteine des Abb\u00e9-Sees- Clownfisch - Schattige Einkaufsstra\u00dfe von Dschibuti-<\/p><p>Kurs \u00c4thiopien\u00a0<em>Berge und Seen<\/em>\u00a0: junge Fischer am Rift Lake<\/p>\t\t\t\t\t\t\t\t<\/div>\n\t\t\t\t<\/div>\n\t\t\t\t\t<\/div>\n\t\t<\/div>\n\t\t\t\t\t<\/div>\n\t\t<\/section>\n\t\t\t\t<\/div>","protected":false},"excerpt":{"rendered":"<p>Remerciements Un grand merci pour leur soutien, et leurs photos \u00e0 :\u00a0 Ali Liaquat de la Maison des Randonneurs (DJIBOUTI) Dabaleh Adad du campement de Bolli Soubla (DJIBOUTI) Garad Garad, du campement de Bolli Soubla ( DJIBOUTI) Daoud Orbisso, du campement de Bolli Soubla (DJIBOUTI) Fato du campement de Ras Ali\u00a0 (DJIBOUTI) Ken Gradall de [&hellip;]<\/p>\n","protected":false},"author":1,"featured_media":0,"parent":0,"menu_order":96,"comment_status":"closed","ping_status":"closed","template":"elementor_header_footer","meta":{"footnotes":""},"class_list":["post-4895","page","type-page","status-publish","hentry"],"_links":{"self":[{"href":"https:\/\/africa-horn-travel.com\/de\/wp-json\/wp\/v2\/pages\/4895","targetHints":{"allow":["GET"]}}],"collection":[{"href":"https:\/\/africa-horn-travel.com\/de\/wp-json\/wp\/v2\/pages"}],"about":[{"href":"https:\/\/africa-horn-travel.com\/de\/wp-json\/wp\/v2\/types\/page"}],"author":[{"embeddable":true,"href":"https:\/\/africa-horn-travel.com\/de\/wp-json\/wp\/v2\/users\/1"}],"replies":[{"embeddable":true,"href":"https:\/\/africa-horn-travel.com\/de\/wp-json\/wp\/v2\/comments?post=4895"}],"version-history":[{"count":0,"href":"https:\/\/africa-horn-travel.com\/de\/wp-json\/wp\/v2\/pages\/4895\/revisions"}],"wp:attachment":[{"href":"https:\/\/africa-horn-travel.com\/de\/wp-json\/wp\/v2\/media?parent=4895"}],"curies":[{"name":"wp","href":"https:\/\/api.w.org\/{rel}","templated":true}]}}