{"id":4902,"date":"2020-10-04T12:25:41","date_gmt":"2020-10-04T10:25:41","guid":{"rendered":"https:\/\/africa-horn-travel.com\/?page_id=4902"},"modified":"2024-10-28T20:00:47","modified_gmt":"2024-10-28T18:00:47","slug":"mentions-legales","status":"publish","type":"page","link":"https:\/\/africa-horn-travel.com\/de\/rechtshinweis\/","title":{"rendered":"Rechtlicher Hinweis"},"content":{"rendered":"<div data-elementor-type=\"wp-page\" data-elementor-id=\"4902\" class=\"elementor elementor-4902\" data-elementor-post-type=\"page\">\n\t\t\t\t\t\t<section class=\"elementor-section elementor-top-section elementor-element elementor-element-8455bd4 elementor-section-boxed elementor-section-height-default elementor-section-height-default\" data-id=\"8455bd4\" data-element_type=\"section\" data-e-type=\"section\">\n\t\t\t\t\t\t<div class=\"elementor-container elementor-column-gap-default\">\n\t\t\t\t\t<div class=\"elementor-column elementor-col-100 elementor-top-column elementor-element elementor-element-951f80d\" data-id=\"951f80d\" data-element_type=\"column\" data-e-type=\"column\">\n\t\t\t<div class=\"elementor-widget-wrap elementor-element-populated\">\n\t\t\t\t\t\t<div class=\"elementor-element elementor-element-88cd2b3 elementor-widget elementor-widget-heading\" data-id=\"88cd2b3\" data-element_type=\"widget\" data-e-type=\"widget\" data-widget_type=\"heading.default\">\n\t\t\t\t<div class=\"elementor-widget-container\">\n\t\t\t\t\t<h1 class=\"elementor-heading-title elementor-size-default\">Rechtlicher Hinweis<\/h1>\t\t\t\t<\/div>\n\t\t\t\t<\/div>\n\t\t\t\t<div class=\"elementor-element elementor-element-a8132b6 elementor-widget elementor-widget-text-editor\" data-id=\"a8132b6\" data-element_type=\"widget\" data-e-type=\"widget\" data-widget_type=\"text-editor.default\">\n\t\t\t\t<div class=\"elementor-widget-container\">\n\t\t\t\t\t\t\t\t\t<p>1. Pr\u00e4sentation der Website.<\/p><p>Gem\u00e4\u00df Artikel 6 des Gesetzes Nr. 2004-575 vom 21. Juni 2004 \u00fcber Vertrauen in die digitale Wirtschaft werden die Benutzer der Website dar\u00fcber informiert, dass\u00a0<a href=\"https:\/\/africa-horn-travel.com\/de\/\">africa-horn-travel.com<\/a>\u00a0die Identit\u00e4t der verschiedenen Parteien, die an der Umsetzung und den Folgema\u00dfnahmen beteiligt sind:<\/p><p><strong>Eigent\u00fcmer<\/strong> : Africorne Travel\u2013 SAS immatricul\u00e9 sous le num\u00e9ro 852 488 386 \u2013 14 rue de La Fontaine \u2013 97480 Saint-Joseph.<\/p><p><strong>Sch\u00f6pfer<\/strong>\u00a0:\u00a0Consult &amp; Co Digital<\/p><p><strong>Ver\u00f6ffentlichungs-Manager<\/strong>\u00a0Sync &amp; Korrekturen von Africorne Travel- contact@africa-horn-travel.com<br \/>Die f\u00fcr die Ver\u00f6ffentlichung verantwortliche Person ist eine nat\u00fcrliche oder juristische Person.<\/p><p><strong>Webmaster<\/strong> : <a href=\"https:\/\/junr.studio\/\" target=\"_blank\" rel=\"noopener nofollow\">junr.studio<\/a><\/p><p><strong>Gastgeber<\/strong> : <a href=\"https:\/\/junr.studio\/\" target=\"_blank\" rel=\"noopener nofollow\">junr.studio<\/a><\/p><h3>2. Allgemeine Bedingungen f\u00fcr die Nutzung der Website und der angebotenen Dienstleistungen.<\/h3><p>Die Nutzung der Website\u00a0<a href=\"https:\/\/africa-horn-travel.com\/de\/\">africa-horn-travel.com<\/a>\u00a0impliziert die vollst\u00e4ndige und uneingeschr\u00e4nkte Annahme der unten beschriebenen allgemeinen Nutzungsbedingungen. Diese Nutzungsbedingungen k\u00f6nnen jederzeit ge\u00e4ndert oder erg\u00e4nzt werden, die Benutzer der Website\u00a0<a href=\"https:\/\/africa-horn-travel.com\/de\/\">africa-horn-travel.com<\/a>\u00a0sind daher eingeladen, sie regelm\u00e4\u00dfig zu konsultieren.<\/p><p>Diese Website ist den Benutzern normalerweise jederzeit zug\u00e4nglich. Africorne Travel kann jedoch beschlie\u00dfen, die Website f\u00fcr technische Wartungsarbeiten zu unterbrechen. Africorne Travel wird versuchen, die Nutzer vorab \u00fcber Datum und Uhrzeit des Eingriffs zu informieren.<\/p><p>Die Website\u00a0<a href=\"https:\/\/africa-horn-travel.com\/de\/\">africa-horn-travel.com<\/a>\u00a0wird regelm\u00e4\u00dfig von Alain Gorce aktualisiert. Ebenso k\u00f6nnen die rechtlichen Hinweise jederzeit ge\u00e4ndert werden: sie sind jedoch f\u00fcr den Benutzer verbindlich, der aufgefordert wird, so oft wie m\u00f6glich auf sie zu verweisen, um sie zur Kenntnis zu nehmen.<\/p><h3>3. Beschreibung der angebotenen Dienstleistungen.<\/h3><p>Die Website\u00a0<a href=\"https:\/\/africa-horn-travel.com\/de\/\">africa-horn-travel.com<\/a>\u00a0soll Informationen \u00fcber alle Aktivit\u00e4ten des Unternehmens liefern.<\/p><p>Africorne Travel bem\u00fcht sich, auf der Website\u00a0<a href=\"https:\/\/africa-horn-travel.com\/de\/\">africa-horn-travel.com<\/a>\u00a0Informationen so genau wie m\u00f6glich. Sie kann jedoch nicht f\u00fcr Auslassungen, Ungenauigkeiten und M\u00e4ngel bei der Aktualisierung verantwortlich gemacht werden, unabh\u00e4ngig davon, ob diese von ihr selbst oder von den Drittparteien verursacht wurden, die ihr diese Informationen zur Verf\u00fcgung stellen.<\/p><p>Alle Informationen auf der Website\u00a0<a href=\"https:\/\/africa-horn-travel.com\/de\/\">africa-horn-travel.com<\/a>\u00a0werden nur zu Informationszwecken angegeben und k\u00f6nnen sich \u00e4ndern. Au\u00dferdem sind die Informationen auf der Website\u00a0<a href=\"https:\/\/africa-horn-travel.com\/de\/\">africa-horn-travel.com<\/a>\u00a0sind nicht ersch\u00f6pfend. Sie unterliegen den \u00c4nderungen, die seit ihrer Online-Stellung vorgenommen wurden.<\/p><h3>4. Vertragliche Beschr\u00e4nkungen der technischen Daten.<\/h3><p>Die Website verwendet JavaScript-Technologie.<\/p><p>Die Website kann nicht f\u00fcr materielle Sch\u00e4den im Zusammenhang mit der Nutzung der Website haftbar gemacht werden. Dar\u00fcber hinaus verpflichtet sich der Benutzer der Website, auf die Website mit neueren Ger\u00e4ten zuzugreifen, die frei von Viren und mit einem Browser der neuesten Generation aktualisiert sind.<\/p><h3>5. Geistiges Eigentum und F\u00e4lschung.<\/h3><p>Africorne Travel ist Inhaber der Rechte am geistigen Eigentum oder besitzt die Nutzungsrechte an allen auf der Website zug\u00e4nglichen Elementen, insbesondere den Texten, Bildern, Grafiken, dem Logo, den Icons, den Kl\u00e4ngen und der Software.<\/p><p>Jegliche Reproduktion, Darstellung, \u00c4nderung, Ver\u00f6ffentlichung, Anpassung aller oder eines Teils der Elemente der Website, unabh\u00e4ngig von den verwendeten Mitteln oder Verfahren, ist ohne die vorherige schriftliche Genehmigung von : Reisen nach Afrika.<\/p><p>Jegliche unbefugte Nutzung der Website oder eines der darin enthaltenen Elemente wird als Versto\u00df betrachtet und gem\u00e4\u00df den Bestimmungen der Artikel L.335-2 ff. des Gesetzes \u00fcber geistiges Eigentum strafrechtlich verfolgt.<\/p><h3>6. Haftungsbeschr\u00e4nkungen.<\/h3><p>Africorne Travel kann nicht f\u00fcr direkte oder indirekte Sch\u00e4den an der Ausr\u00fcstung des Nutzers verantwortlich gemacht werden, die beim Zugriff auf die Website africa-horn-travel.com entstehen und entweder auf die Verwendung von Ausr\u00fcstung zur\u00fcckzuf\u00fchren sind, die nicht den unter Punkt 4 angegebenen Spezifikationen entspricht, oder auf das Auftreten eines Fehlers oder einer Inkompatibilit\u00e4t zur\u00fcckzuf\u00fchren sind.<\/p><p>Africorne Travel haftet auch nicht f\u00fcr indirekte Sch\u00e4den (wie z.B. Gesch\u00e4ftsverluste oder entgangene Chancen), die sich aus der Nutzung der Website ergeben.\u00a0<a href=\"https:\/\/africa-horn-travel.com\/de\/\">africa-horn-travel.com<\/a>.<\/p><p>Den Benutzern stehen interaktive R\u00e4ume (M\u00f6glichkeit, im Kontaktbereich Fragen zu stellen) zur Verf\u00fcgung. Africorne Travel beh\u00e4lt sich das Recht vor, ohne vorherige Ank\u00fcndigung alle in diesem Bereich eingestellten Inhalte zu l\u00f6schen, die gegen die in Frankreich geltende Gesetzgebung, insbesondere gegen die Datenschutzbestimmungen, versto\u00dfen w\u00fcrden. Gegebenenfalls beh\u00e4lt sich Africorne Travel auch das Recht vor, die zivil- und\/oder strafrechtliche Haftung des Nutzers anzufechten, insbesondere im Falle rassistischer, beleidigender, verleumderischer oder pornografischer Nachrichten, unabh\u00e4ngig vom verwendeten Medium (Text, Fotografie ...).<\/p><h3>7. Verwaltung pers\u00f6nlicher Daten.<\/h3><p>In Frankreich werden personenbezogene Daten insbesondere durch das Gesetz Nr. 78-87 vom 6. Januar 1978, das Gesetz Nr. 2004-801 vom 6. August 2004, den Artikel L. 226-13 des Strafgesetzbuches und die Europ\u00e4ische Richtlinie vom 24. Oktober 1995 gesch\u00fctzt.<\/p><p>Anl\u00e4sslich der Nutzung der Website\u00a0<a href=\"https:\/\/africa-horn-travel.com\/de\/\">africa-horn-travel.com<\/a>kann gesammelt werden: die URL der Links, \u00fcber die der Benutzer auf die Website zugegriffen hat\u00a0<a href=\"https:\/\/africa-horn-travel.com\/de\/\">africa-horn-travel.com<\/a>den Zugangsprovider des Benutzers, die Internet-Protokoll-Adresse (IP-Adresse) des Benutzers.<\/p><p>In jedem Fall sammelt Africorne Travel pers\u00f6nliche Informationen \u00fcber den Benutzer nur f\u00fcr den Bedarf bestimmter Dienstleistungen, die von der Website angeboten werden.\u00a0<a href=\"https:\/\/africa-horn-travel.com\/de\/\">africa-horn-travel.com<\/a>. Der Benutzer stellt diese Informationen in voller Kenntnis der Sachlage zur Verf\u00fcgung, insbesondere wenn er sie selbst eingibt. Sie wird dann dem Benutzer der Website\u00a0<a href=\"https:\/\/africa-horn-travel.com\/de\/\">africa-horn-travel.com<\/a>\u00a0ob es eine Verpflichtung zur Bereitstellung dieser Informationen gibt oder nicht.<\/p><p>Gem\u00e4\u00df den Bestimmungen der Artikel 38 ff. des Gesetzes 78-17 vom 6. Januar 1978 \u00fcber Informatik, Dateien und Freiheiten hat jeder Benutzer das Recht auf Zugang, Berichtigung und Einspruch gegen die ihn betreffenden pers\u00f6nlichen Daten, indem er einen schriftlichen und unterschriebenen Antrag stellt, dem eine Kopie des Ausweisdokuments mit der Unterschrift des Inhabers beigef\u00fcgt ist, und in dem er die Adresse angibt, an die die Antwort geschickt werden soll.<\/p><p>Keine pers\u00f6nlichen Informationen des Benutzers der Website\u00a0<a href=\"https:\/\/africa-horn-travel.com\/de\/\">africa-horn-travel.com<\/a>\u00a0ohne das Wissen des Benutzers ver\u00f6ffentlicht, ausgetauscht, \u00fcbertragen, abgetreten oder in irgendeinem Medium an Dritte verkauft wird. Nur die Hypothese des Kaufs von Africorne Travel und seinen Rechten w\u00fcrde die \u00dcbermittlung der besagten Informationen an den eventuellen K\u00e4ufer erm\u00f6glichen, der seinerseits gegen\u00fcber dem Benutzer der Website an die gleiche Verpflichtung zur Aufbewahrung und \u00c4nderung der Daten gebunden w\u00e4re.\u00a0<a href=\"https:\/\/africa-horn-travel.com\/de\/\">africa-horn-travel.com<\/a>.<\/p><p>Die Datenbanken sind durch die Bestimmungen des Gesetzes vom 1. Juli 1998 zur Umsetzung der Richtlinie 96\/9 vom 11. M\u00e4rz 1996 \u00fcber den rechtlichen Schutz von Datenbanken gesch\u00fctzt.<\/p><h3>8. Hypertext-Links und Cookies.<\/h3><p>Die Website\u00a0<a href=\"https:\/\/africa-horn-travel.com\/de\/\">africa-horn-travel.com<\/a>\u00a0enth\u00e4lt eine bestimmte Anzahl von Hypertext-Links zu anderen Websites, die mit Genehmigung von Africorne Travel eingerichtet wurden. Africorne Travel hat jedoch keine M\u00f6glichkeit, den Inhalt der so besuchten Sites zu \u00fcberpr\u00fcfen, und \u00fcbernimmt daher keine Verantwortung f\u00fcr diese Tatsache.<\/p><p>Navigation auf der Website\u00a0<a href=\"https:\/\/africa-horn-travel.com\/de\/\">africa-horn-travel.com<\/a>\u00a0wird wahrscheinlich die Installation von Cookie(s) auf dem Computer des Benutzers verursachen. Ein Cookie ist eine kleine Datei, die es nicht erlaubt, den Benutzer zu identifizieren, die aber Informationen bez\u00fcglich der Navigation eines Computers auf einer Website aufzeichnet. Die auf diese Weise gewonnenen Daten sollen die sp\u00e4tere Navigation auf der Website erleichtern und verschiedene Messungen der Frequentierung erm\u00f6glichen.<\/p><p>Die Weigerung, ein Cookie zu installieren, kann dazu f\u00fchren, dass der Zugang zu bestimmten Diensten nicht m\u00f6glich ist. Der Benutzer kann seinen Computer jedoch wie folgt konfigurieren, um die Installation von Cookies abzulehnen:<\/p><p>Unter Internet Explorer: Werkzeugregister (Zahnradsymbol in der oberen rechten Ecke) \/ Internetoptionen. Klicken Sie auf Datenschutz und w\u00e4hlen Sie Alle Cookies blockieren. Best\u00e4tigen Sie auf Ok.<\/p><p>Unter Firefox: Klicken Sie oben im Browserfenster auf die Schaltfl\u00e4che Firefox und gehen Sie dann zur Registerkarte Optionen. Klicken Sie auf die Registerkarte Datenschutz.<br \/>Setzen Sie die Aufbewahrungsregeln auf: Benutzerdefinierte Einstellungen f\u00fcr die Historie verwenden. Deaktivieren Sie schlie\u00dflich das Kontrollk\u00e4stchen, um Cookies zu deaktivieren.<\/p><p>Unter Safari: Klicken Sie auf das Men\u00fc-Piktogramm (symbolisiert durch ein Zahnrad) oben rechts im Browser. W\u00e4hlen Sie Einstellungen. Klicken Sie auf Erweiterte Einstellungen anzeigen. Klicken Sie im Abschnitt \"Datenschutz\" auf Inhaltseinstellungen. Im Abschnitt \"Cookies\" k\u00f6nnen Sie Cookies blockieren.<\/p><p>Unter Chrome: Klicken Sie auf das Men\u00fc-Symbol (symbolisiert durch drei horizontale Linien) oben rechts im Browser. W\u00e4hlen Sie Einstellungen. Klicken Sie auf Erweiterte Einstellungen anzeigen. Klicken Sie im Abschnitt \"Datenschutz\" auf Pr\u00e4ferenzen. In der Registerkarte \"Datenschutz\" k\u00f6nnen Sie Cookies blockieren.<\/p><h3>9. Anwendbares Recht und Gerichtsbarkeit.<\/h3><p>Jede Streitigkeit im Zusammenhang mit der Nutzung der Website\u00a0<a href=\"https:\/\/africa-horn-travel.com\/de\/\">africa-horn-travel.com<\/a>\u00a0unterliegt dem franz\u00f6sischen Recht. Die ausschlie\u00dfliche Zust\u00e4ndigkeit liegt bei den zust\u00e4ndigen Gerichten in Bordeaux.<\/p><h3>10. Die wichtigsten betroffenen Gesetze.<\/h3><p>Gesetz Nr. 78-17 vom 6. Januar 1978, insbesondere ge\u00e4ndert durch das Gesetz Nr. 2004-801 vom 6. August 2004 \u00fcber Datenverarbeitung, Dateien und Freiheiten.<\/p><p>Gesetz Nr. 2004-575 vom 21. Juni 2004 \u00fcber das Vertrauen in die digitale Wirtschaft.<\/p><h3>11. Lexikon.<\/h3><p>Benutzer: Internetbenutzer, der eine Verbindung \u00fcber die oben genannte Website herstellt.<\/p><p>Pers\u00f6nliche Informationen: \"Informationen, die in irgendeiner Form, direkt oder indirekt, die Identifizierung der nat\u00fcrlichen Personen erm\u00f6glichen, auf die sie sich beziehen\" (Artikel 4 des Gesetzes Nr. 78-17 vom 6. Januar 1978).<\/p>\t\t\t\t\t\t\t\t<\/div>\n\t\t\t\t<\/div>\n\t\t\t\t\t<\/div>\n\t\t<\/div>\n\t\t\t\t\t<\/div>\n\t\t<\/section>\n\t\t\t\t<\/div>","protected":false},"excerpt":{"rendered":"<p>Mentions L\u00e9gales 1. Pr\u00e9sentation du site. En vertu de l\u2019article 6 de la loi n\u00b0 2004-575 du 21 juin 2004 pour la confiance dans l\u2019\u00e9conomie num\u00e9rique, il est pr\u00e9cis\u00e9 aux utilisateurs du site\u00a0africa-horn-travel.com\u00a0l\u2019identit\u00e9 des diff\u00e9rents intervenants dans le cadre de sa r\u00e9alisation et de son suivi : Propri\u00e9taire : Africorne Travel\u2013 SAS immatricul\u00e9 sous le [&hellip;]<\/p>\n","protected":false},"author":1,"featured_media":0,"parent":0,"menu_order":96,"comment_status":"closed","ping_status":"closed","template":"elementor_header_footer","meta":{"footnotes":""},"class_list":["post-4902","page","type-page","status-publish","hentry"],"_links":{"self":[{"href":"https:\/\/africa-horn-travel.com\/de\/wp-json\/wp\/v2\/pages\/4902","targetHints":{"allow":["GET"]}}],"collection":[{"href":"https:\/\/africa-horn-travel.com\/de\/wp-json\/wp\/v2\/pages"}],"about":[{"href":"https:\/\/africa-horn-travel.com\/de\/wp-json\/wp\/v2\/types\/page"}],"author":[{"embeddable":true,"href":"https:\/\/africa-horn-travel.com\/de\/wp-json\/wp\/v2\/users\/1"}],"replies":[{"embeddable":true,"href":"https:\/\/africa-horn-travel.com\/de\/wp-json\/wp\/v2\/comments?post=4902"}],"version-history":[{"count":0,"href":"https:\/\/africa-horn-travel.com\/de\/wp-json\/wp\/v2\/pages\/4902\/revisions"}],"wp:attachment":[{"href":"https:\/\/africa-horn-travel.com\/de\/wp-json\/wp\/v2\/media?parent=4902"}],"curies":[{"name":"wp","href":"https:\/\/api.w.org\/{rel}","templated":true}]}}