{"id":4895,"date":"2020-10-04T12:22:05","date_gmt":"2020-10-04T10:22:05","guid":{"rendered":"https:\/\/africa-horn-travel.com\/?page_id=4895"},"modified":"2020-10-04T14:14:09","modified_gmt":"2020-10-04T12:14:09","slug":"remerciements","status":"publish","type":"page","link":"https:\/\/africa-horn-travel.com\/en\/acknowledgements\/","title":{"rendered":"Acknowledgment"},"content":{"rendered":"<div data-elementor-type=\"wp-page\" data-elementor-id=\"4895\" class=\"elementor elementor-4895\" data-elementor-post-type=\"page\">\n\t\t\t\t\t\t<section class=\"elementor-section elementor-top-section elementor-element elementor-element-d11ead1 elementor-section-boxed elementor-section-height-default elementor-section-height-default\" data-id=\"d11ead1\" data-element_type=\"section\" data-e-type=\"section\">\n\t\t\t\t\t\t<div class=\"elementor-container elementor-column-gap-default\">\n\t\t\t\t\t<div class=\"elementor-column elementor-col-100 elementor-top-column elementor-element elementor-element-25ca679\" data-id=\"25ca679\" data-element_type=\"column\" data-e-type=\"column\">\n\t\t\t<div class=\"elementor-widget-wrap elementor-element-populated\">\n\t\t\t\t\t\t<div class=\"elementor-element elementor-element-c4c1d86 elementor-widget elementor-widget-heading\" data-id=\"c4c1d86\" data-element_type=\"widget\" data-e-type=\"widget\" data-widget_type=\"heading.default\">\n\t\t\t\t<div class=\"elementor-widget-container\">\n\t\t\t\t\t<h1 class=\"elementor-heading-title elementor-size-default\">Acknowledgment<\/h1>\t\t\t\t<\/div>\n\t\t\t\t<\/div>\n\t\t\t\t<div class=\"elementor-element elementor-element-cfe9085 elementor-widget elementor-widget-text-editor\" data-id=\"cfe9085\" data-element_type=\"widget\" data-e-type=\"widget\" data-widget_type=\"text-editor.default\">\n\t\t\t\t<div class=\"elementor-widget-container\">\n\t\t\t\t\t\t\t\t\t<p style=\"font-weight: 400;\">A big thank you for their support, and their photos at :\u00a0<\/p><ul style=\"font-weight: 400;\"><li>Ali Liaquat from the Maison des Randonneurs (DJIBOUTI)<\/li><li>Dabaleh Adad from the Bolli Soubla camp (DJIBOUTI)<\/li><li>Garad Garad, from the camp of Bolli Soubla ( DJIBOUTI)<\/li><li>Daoud Orbisso, from the Bolli Soubla camp (DJIBOUTI)<\/li><li>Fato from Ras Ali camp (DJIBOUTI)<\/li><li>Ken Gradall of Rushing Waters Adventures (DJIBOUTI)<\/li><li>Nick Crane of the Simien Lodge (ETHIOPIA)<\/li><li>Mesfin NEGUSSIE from Addis View Hotel ( ETHIOPIA)<\/li><li>Gheralta Lodge (ETHIOPIA)<\/li><li>Bertrand Lafrance from Refuge DECAN (DJIBOUTI)<\/li><li>Ayoub Amdie (ETHIOPIA)<\/li><li>Bernadette Smeesters (DJIBOUTI)<\/li><li>Josiane and Bernard Lips (1)<\/li><\/ul><p style=\"font-weight: 400;\">\u00a0<\/p><p style=\"font-weight: 400;\">\u00a0<\/p><p>(1) Josiane and Bernard LIPS university professors, notably co-authors with Jean-Michel Roux of \"Poissons de Djibouti\", a book illustrated with photos of their dives, relating to the 500 species inhabiting Djibouti's territorial waters, from which some of the seabed photos from the Africorne site are extracted.<\/p><p>List of their pictures on Africorne :\u00a0<\/p><p>\u2013<b><strong>In the \"gallery\"<\/strong><\/b>: Rif Lake- Chimneys of Lake Abb\u00e9- On the edge of Lake Abb\u00e9- Pink flamingos of Lake Abb\u00e9- Sun on the chimneys of Lake Abb\u00e9-Danse afars- Camels on Lake Assal-camping of Dittilou<\/p><p>\u2013<b><strong>On the \" circuits<\/strong><\/b>\u00a0\u00bb:<\/p><p>Djibouti course\u00a0<em>Beaches and Campsites<\/em>\u00a0Sunset over the Ras Bir lighthouse- Barracuda shoal on a blue background- Clown fish- Dittilou camping- Shady shopping alley of Djibouti town-<\/p><p>Djibouti course<em>\u00a0Sea, Mountain and Prehistory<\/em>\u00a0: Clown fish-Murene- Camels on Lake Assal- Houses near Abourma- Hamadou guide in Abourma- Sunset on the lighthouse of Ras Bir- Shopping lane Djibouti town-<\/p><p>Djibouti course\u00a0<em>Hikers<\/em>\u00a0:Camels on the salt package- Sunset on Ras lighthouse -Bir-Flamingos lake Abb\u00e9- Fireplaces lake Abb\u00e9- Sun on the fireplaces lake Abb\u00e9- Fireplaces lake Abb\u00e9- Clown fish-Banks of Barracudas on blue background- Murene- Clown piosson on green coral- Houses Djibouti- Shady alley shopkeeper<\/p><p>Djibouti course\u00a0<em>Landscapes and sensations<\/em>\u00a0: Murene-Dittilou Camp - Flamingoes of the Abb\u00e9 Lake - Chimneys of the Abb\u00e9 Lake- Clown fish - Shady shopping street of Djibouti-<\/p><p>Ethiopia course\u00a0<em>Mountains and Lakes<\/em>\u00a0: young fisherman on Rift Lake<\/p>\t\t\t\t\t\t\t\t<\/div>\n\t\t\t\t<\/div>\n\t\t\t\t\t<\/div>\n\t\t<\/div>\n\t\t\t\t\t<\/div>\n\t\t<\/section>\n\t\t\t\t<\/div>","protected":false},"excerpt":{"rendered":"<p>Remerciements Un grand merci pour leur soutien, et leurs photos \u00e0 :\u00a0 Ali Liaquat de la Maison des Randonneurs (DJIBOUTI) Dabaleh Adad du campement de Bolli Soubla (DJIBOUTI) Garad Garad, du campement de Bolli Soubla ( DJIBOUTI) Daoud Orbisso, du campement de Bolli Soubla (DJIBOUTI) Fato du campement de Ras Ali\u00a0 (DJIBOUTI) Ken Gradall de [&hellip;]<\/p>\n","protected":false},"author":1,"featured_media":0,"parent":0,"menu_order":96,"comment_status":"closed","ping_status":"closed","template":"elementor_header_footer","meta":{"footnotes":""},"class_list":["post-4895","page","type-page","status-publish","hentry"],"_links":{"self":[{"href":"https:\/\/africa-horn-travel.com\/en\/wp-json\/wp\/v2\/pages\/4895","targetHints":{"allow":["GET"]}}],"collection":[{"href":"https:\/\/africa-horn-travel.com\/en\/wp-json\/wp\/v2\/pages"}],"about":[{"href":"https:\/\/africa-horn-travel.com\/en\/wp-json\/wp\/v2\/types\/page"}],"author":[{"embeddable":true,"href":"https:\/\/africa-horn-travel.com\/en\/wp-json\/wp\/v2\/users\/1"}],"replies":[{"embeddable":true,"href":"https:\/\/africa-horn-travel.com\/en\/wp-json\/wp\/v2\/comments?post=4895"}],"version-history":[{"count":0,"href":"https:\/\/africa-horn-travel.com\/en\/wp-json\/wp\/v2\/pages\/4895\/revisions"}],"wp:attachment":[{"href":"https:\/\/africa-horn-travel.com\/en\/wp-json\/wp\/v2\/media?parent=4895"}],"curies":[{"name":"wp","href":"https:\/\/api.w.org\/{rel}","templated":true}]}}