{"id":4895,"date":"2020-10-04T12:22:05","date_gmt":"2020-10-04T10:22:05","guid":{"rendered":"https:\/\/africa-horn-travel.com\/?page_id=4895"},"modified":"2020-10-04T14:14:09","modified_gmt":"2020-10-04T12:14:09","slug":"remerciements","status":"publish","type":"page","link":"https:\/\/africa-horn-travel.com\/es\/reconocimientos\/","title":{"rendered":"Agradecimientos"},"content":{"rendered":"<div data-elementor-type=\"wp-page\" data-elementor-id=\"4895\" class=\"elementor elementor-4895\" data-elementor-post-type=\"page\">\n\t\t\t\t\t\t<section class=\"elementor-section elementor-top-section elementor-element elementor-element-d11ead1 elementor-section-boxed elementor-section-height-default elementor-section-height-default\" data-id=\"d11ead1\" data-element_type=\"section\" data-e-type=\"section\">\n\t\t\t\t\t\t<div class=\"elementor-container elementor-column-gap-default\">\n\t\t\t\t\t<div class=\"elementor-column elementor-col-100 elementor-top-column elementor-element elementor-element-25ca679\" data-id=\"25ca679\" data-element_type=\"column\" data-e-type=\"column\">\n\t\t\t<div class=\"elementor-widget-wrap elementor-element-populated\">\n\t\t\t\t\t\t<div class=\"elementor-element elementor-element-c4c1d86 elementor-widget elementor-widget-heading\" data-id=\"c4c1d86\" data-element_type=\"widget\" data-e-type=\"widget\" data-widget_type=\"heading.default\">\n\t\t\t\t<div class=\"elementor-widget-container\">\n\t\t\t\t\t<h1 class=\"elementor-heading-title elementor-size-default\">Agradecimientos<\/h1>\t\t\t\t<\/div>\n\t\t\t\t<\/div>\n\t\t\t\t<div class=\"elementor-element elementor-element-cfe9085 elementor-widget elementor-widget-text-editor\" data-id=\"cfe9085\" data-element_type=\"widget\" data-e-type=\"widget\" data-widget_type=\"text-editor.default\">\n\t\t\t\t<div class=\"elementor-widget-container\">\n\t\t\t\t\t\t\t\t\t<p style=\"font-weight: 400;\">Un gran agradecimiento por su apoyo, y sus fotos en :\u00a0<\/p><ul style=\"font-weight: 400;\"><li>Ali Liaquat de la Maison des Randonneurs (DJIBOUTI)<\/li><li>Dabaleh Adad del campamento de Bolli Soubla (DJIBOUTI)<\/li><li>Garad Garad, del campo de Bolli Soubla ( DJIBOUTI)<\/li><li>Daoud Orbisso, del campo de Bolli Soubla (DJIBOUTI)<\/li><li>Fato del campamento de Ras Ali (DJIBOUTI)<\/li><li>Ken Gradall de Rushing Waters Adventures (DJIBOUTI)<\/li><li>Nick Crane de la Logia Simien (ETIOP\u00cdA)<\/li><li>Mesfin NEGUSSIE del Hotel Addis View ( ETIOP\u00cdA)<\/li><li>Gheralta Lodge (ETIOP\u00cdA)<\/li><li>Bertrand Lafrance del Refugio DECAN (DJIBOUTI)<\/li><li>Ayoub Amdie (ETIOP\u00cdA)<\/li><li>Bernadette Smeesters (DJIBOUTI)<\/li><li>Josiane y Bernard Lips (1)<\/li><\/ul><p style=\"font-weight: 400;\">\u00a0<\/p><p style=\"font-weight: 400;\">\u00a0<\/p><p>(1) Profesores universitarios Josiane y Bernard LIPS, en particular coautores con Jean-Michel Roux de \"Poissons de Djibouti\", un libro ilustrado con fotos de sus inmersiones, relativo a las 500 especies que habitan en las aguas territoriales de Djibouti, de las que se extraen algunas de las fotos del fondo marino del sitio de Africorne.<\/p><p>Lista de sus fotos en Africorne:\u00a0<\/p><p>\u2013<b><strong>En la \"galer\u00eda\"<\/strong><\/b>Lago Rif - Chimeneas del Lago Abb\u00e9 - En la orilla del Lago Abb\u00e9 - Flamencos rosados del Lago Abb\u00e9 - Sol en las chimeneas del Lago Abb\u00e9 - Danza a lo lejos - Camellos en el Lago Assal - Campamento de Dittilou<\/p><p>\u2013<b><strong>En los \"circuitos\"...<\/strong><\/b>\u00a0\u00bb:<\/p><p>Curso de Djibouti\u00a0<em>Playas y Campamentos<\/em>\u00a0Atardecer sobre el faro de Ras Bir, un banco de barracudas con fondo azul, pez payaso, campamento de Dittilou, callej\u00f3n comercial de la ciudad de Djibouti.<\/p><p>Curso de Djibouti<em>\u00a0Mar, Monta\u00f1a y Prehistoria<\/em>\u00a0Pez payaso, Muren, camellos en el lago Assal, casas cerca de Abourma, gu\u00eda de Hamadou en Abourma, puesta de sol en el faro de Ras Bir, calle comercial en la ciudad de Djibouti.<\/p><p>Curso de Djibouti\u00a0<em>Excursionistas<\/em>\u00a0Camellos en el paquete de sal - Atardecer en el faro Ras - Abir - Flamingos en el lago Abb\u00e9 - Chimeneas en el lago Abb\u00e9 - Sol en las chimeneas en el lago Abb\u00e9 - Chimeneas en el lago Abb\u00e9 - Pez payaso - Bancos de Barracudas en el fondo azul - Murene - Piosson payaso en el coral verde - Casas en Djibouti - Sombra en el callej\u00f3n del comerciante<\/p><p>Curso de Djibouti\u00a0<em>Paisajes y sensaciones<\/em>\u00a0: Campamento Murene-Dittilou - Flamencos del Lago Abb\u00e9 - Chimeneas del Lago Abb\u00e9 - Peces payaso - Calle comercial sombreada de Djibouti-<\/p><p>Curso de Etiop\u00eda\u00a0<em>Monta\u00f1as y lagos<\/em>\u00a0: joven pescador en el Lago Rift<\/p>\t\t\t\t\t\t\t\t<\/div>\n\t\t\t\t<\/div>\n\t\t\t\t\t<\/div>\n\t\t<\/div>\n\t\t\t\t\t<\/div>\n\t\t<\/section>\n\t\t\t\t<\/div>","protected":false},"excerpt":{"rendered":"<p>Remerciements Un grand merci pour leur soutien, et leurs photos \u00e0 :\u00a0 Ali Liaquat de la Maison des Randonneurs (DJIBOUTI) Dabaleh Adad du campement de Bolli Soubla (DJIBOUTI) Garad Garad, du campement de Bolli Soubla ( DJIBOUTI) Daoud Orbisso, du campement de Bolli Soubla (DJIBOUTI) Fato du campement de Ras Ali\u00a0 (DJIBOUTI) Ken Gradall de [&hellip;]<\/p>\n","protected":false},"author":1,"featured_media":0,"parent":0,"menu_order":96,"comment_status":"closed","ping_status":"closed","template":"elementor_header_footer","meta":{"footnotes":""},"class_list":["post-4895","page","type-page","status-publish","hentry"],"_links":{"self":[{"href":"https:\/\/africa-horn-travel.com\/es\/wp-json\/wp\/v2\/pages\/4895","targetHints":{"allow":["GET"]}}],"collection":[{"href":"https:\/\/africa-horn-travel.com\/es\/wp-json\/wp\/v2\/pages"}],"about":[{"href":"https:\/\/africa-horn-travel.com\/es\/wp-json\/wp\/v2\/types\/page"}],"author":[{"embeddable":true,"href":"https:\/\/africa-horn-travel.com\/es\/wp-json\/wp\/v2\/users\/1"}],"replies":[{"embeddable":true,"href":"https:\/\/africa-horn-travel.com\/es\/wp-json\/wp\/v2\/comments?post=4895"}],"version-history":[{"count":0,"href":"https:\/\/africa-horn-travel.com\/es\/wp-json\/wp\/v2\/pages\/4895\/revisions"}],"wp:attachment":[{"href":"https:\/\/africa-horn-travel.com\/es\/wp-json\/wp\/v2\/media?parent=4895"}],"curies":[{"name":"wp","href":"https:\/\/api.w.org\/{rel}","templated":true}]}}